{"id":129,"date":"2024-06-03T16:59:50","date_gmt":"2024-06-03T14:59:50","guid":{"rendered":"http:\/\/blue16.de\/?page_id=129"},"modified":"2024-06-14T14:28:13","modified_gmt":"2024-06-14T12:28:13","slug":"impressum","status":"publish","type":"page","link":"https:\/\/blue16.de\/en\/impressum\/","title":{"rendered":"Imprint"},"content":{"rendered":"<div data-elementor-type=\"wp-page\" data-elementor-id=\"129\" class=\"elementor elementor-129\" data-elementor-post-type=\"page\">\n\t\t\t\t<div class=\"elementor-element elementor-element-6027bf8 e-flex e-con-boxed e-con e-parent\" data-id=\"6027bf8\" data-element_type=\"container\">\n\t\t\t\t\t<div class=\"e-con-inner\">\n\t\t<div class=\"elementor-element elementor-element-0aea593 e-con-full e-flex e-con e-child\" data-id=\"0aea593\" data-element_type=\"container\">\n\t\t\t\t<\/div>\n\t\t<div class=\"elementor-element elementor-element-c5671ad e-con-full scroll-in-out e-flex e-con e-child\" data-id=\"c5671ad\" data-element_type=\"container\">\n\t\t\t\t<div class=\"elementor-element elementor-element-8544a0e elementor-widget elementor-widget-html\" data-id=\"8544a0e\" data-element_type=\"widget\" data-widget_type=\"html.default\">\n\t\t\t\t<div class=\"elementor-widget-container\">\n\t\t\t<style>\n    .logo-dark{\n\topacity: 1!important;\n}\n.hamburger-light svg{\n\tfill: var(--e-global-color-primary)!important;\n}\n.hamburger-light svg:hover{\n\tfill: var(--e-global-color-accent)!important;\n}\n<\/style>\t\t<\/div>\n\t\t\t\t<\/div>\n\t\t\t\t<div class=\"elementor-element elementor-element-68753fc elementor-widget elementor-widget-heading\" data-id=\"68753fc\" data-element_type=\"widget\" data-widget_type=\"heading.default\">\n\t\t\t\t<div class=\"elementor-widget-container\">\n\t\t\t<h1 class=\"elementor-heading-title elementor-size-default\">REGISTRATION AND LEGAL INFORMATION<\/h1>\t\t<\/div>\n\t\t\t\t<\/div>\n\t\t\t\t<div class=\"elementor-element elementor-element-a2a7a10 elementor-widget elementor-widget-text-editor\" data-id=\"a2a7a10\" data-element_type=\"widget\" data-widget_type=\"text-editor.default\">\n\t\t\t\t<div class=\"elementor-widget-container\">\n\t\t\t\t\t\t\t<p>Responsible for the content of this website and data protection:<\/p>\t\t\t\t\t\t<\/div>\n\t\t\t\t<\/div>\n\t\t\t\t<div class=\"elementor-element elementor-element-2d22a4a elementor-widget elementor-widget-text-editor\" data-id=\"2d22a4a\" data-element_type=\"widget\" data-widget_type=\"text-editor.default\">\n\t\t\t\t<div class=\"elementor-widget-container\">\n\t\t\t\t\t\t\t<p>Rolf Berger<br \/>Managing Director<\/p><p>Address:<\/p><p>blue 16 GmbH<br \/>Strassbergerstrasse 43<br \/>80809 Munich<br \/>Germany<\/p><p>Phone: <a href=\"tel:+491747546181\">+49 (0)174 75 46 181<\/a><br \/>E-Mail: <a href=\"mailto:mail@blue16.de\">mail@blue16.de<\/a><\/p><p>HRB: 292994<br \/>VAT-Nr.: on request<\/p>\t\t\t\t\t\t<\/div>\n\t\t\t\t<\/div>\n\t\t\t\t<div class=\"elementor-element elementor-element-6953bee elementor-widget elementor-widget-heading\" data-id=\"6953bee\" data-element_type=\"widget\" data-widget_type=\"heading.default\">\n\t\t\t\t<div class=\"elementor-widget-container\">\n\t\t\t<h2 class=\"elementor-heading-title elementor-size-default\">Disclaimer<\/h2>\t\t<\/div>\n\t\t\t\t<\/div>\n\t\t\t\t<div class=\"elementor-element elementor-element-43914f7 elementor-widget elementor-widget-text-editor\" data-id=\"43914f7\" data-element_type=\"widget\" data-widget_type=\"text-editor.default\">\n\t\t\t\t<div class=\"elementor-widget-container\">\n\t\t\t\t\t\t\t<p>We make every effort to keep the information on this website correct and up-to-date but accept no liability whatsoever for the content provided.<\/p><p>This applies to external links as well. The content of such third-party sites is the responsibility of the respective owners\/providers.<\/p><p>Court of jurisdiction: Munich<\/p>\t\t\t\t\t\t<\/div>\n\t\t\t\t<\/div>\n\t\t\t\t<div class=\"elementor-element elementor-element-8a13310 elementor-widget elementor-widget-heading\" data-id=\"8a13310\" data-element_type=\"widget\" data-widget_type=\"heading.default\">\n\t\t\t\t<div class=\"elementor-widget-container\">\n\t\t\t<h2 class=\"elementor-heading-title elementor-size-default\">Data Protection<\/h2>\t\t<\/div>\n\t\t\t\t<\/div>\n\t\t\t\t<div class=\"elementor-element elementor-element-cc7cc12 elementor-widget elementor-widget-text-editor\" data-id=\"cc7cc12\" data-element_type=\"widget\" data-widget_type=\"text-editor.default\">\n\t\t\t\t<div class=\"elementor-widget-container\">\n\t\t\t\t\t\t\t<p>blue 16 GmbH takes the protection of your personal data very seriously.<\/p><p>Personal data is treated responsibly and in accordance with official data protection laws as well as with the German data protection policy provided.<\/p>\t\t\t\t\t\t<\/div>\n\t\t\t\t<\/div>\n\t\t\t\t<div class=\"elementor-element elementor-element-b4271d5 elementor-widget elementor-widget-heading\" data-id=\"b4271d5\" data-element_type=\"widget\" data-widget_type=\"heading.default\">\n\t\t\t\t<div class=\"elementor-widget-container\">\n\t\t\t<p class=\"elementor-heading-title elementor-size-default\"><a href=\"https:\/\/blue16.de\/wp-content\/uploads\/Rolf_Berger_Datenschutzerklaerung.pdf\" target=\"_blank\">Read our Data Protection Policy (German)<\/a><\/p>\t\t<\/div>\n\t\t\t\t<\/div>\n\t\t\t\t<div class=\"elementor-element elementor-element-d114544 elementor-widget elementor-widget-heading\" data-id=\"d114544\" data-element_type=\"widget\" data-widget_type=\"heading.default\">\n\t\t\t\t<div class=\"elementor-widget-container\">\n\t\t\t<h2 class=\"elementor-heading-title elementor-size-default\">Copyrights<\/h2>\t\t<\/div>\n\t\t\t\t<\/div>\n\t\t\t\t<div class=\"elementor-element elementor-element-e535d1c elementor-widget elementor-widget-text-editor\" data-id=\"e535d1c\" data-element_type=\"widget\" data-widget_type=\"text-editor.default\">\n\t\t\t\t<div class=\"elementor-widget-container\">\n\t\t\t\t\t\t\t<p>Images rights:<\/p><p>All imagery on this website is restricted by copyright. It must not be copied, altered or used elsewhere without explicit permission.<\/p><p>Concept and design:<br \/>Niels Dening Identity,<br \/><a href=\"http:\/\/www.nd-id.com\" target=\"_blank\" rel=\"noopener\">www.nd-id.com<\/a><\/p><p>Technical implementation:<br \/>Nextbrand,<br \/><a href=\"http:\/\/www.nextbrand-webdesign.de\" target=\"_blank\" rel=\"noopener\">www.nextbrand-webdesign.de<\/a><\/p><p>\u00a9 2024 blue 16 GmbH<\/p>\t\t\t\t\t\t<\/div>\n\t\t\t\t<\/div>\n\t\t\t\t<\/div>\n\t\t\t\t\t<\/div>\n\t\t\t\t<\/div>\n\t\t\t\t<\/div>","protected":false},"excerpt":{"rendered":"<p>IMPRESSUM UND RECHTLICHE HINWEISE Inhaltlich verantwortlich f\u00fcr Angebot und Inhalt dieser Website sowie Ihr Ansprechpartner f\u00fcr Datenschutz: Rolf BergerGesch\u00e4ftsf\u00fchrer Anschrift: blue 16 GmbHStra\u00dfbergerstra\u00dfe 4380809 M\u00fcnchenDeutschland Telefon: +49 (0)174 75 46 181E-Mail: mail@blue16.de HRB: 292994UST-ID: auf Anfrage Haftungsvorbehalt Wir bem\u00fchen uns, dass die auf dieser Website bereitgestellten Informationen richtig und aktuell sind. Eine Haftung oder Garantie [&hellip;]<\/p>","protected":false},"author":1,"featured_media":0,"parent":0,"menu_order":0,"comment_status":"closed","ping_status":"closed","template":"","meta":{"footnotes":""},"class_list":["post-129","page","type-page","status-publish","hentry"],"_links":{"self":[{"href":"https:\/\/blue16.de\/en\/wp-json\/wp\/v2\/pages\/129"}],"collection":[{"href":"https:\/\/blue16.de\/en\/wp-json\/wp\/v2\/pages"}],"about":[{"href":"https:\/\/blue16.de\/en\/wp-json\/wp\/v2\/types\/page"}],"author":[{"embeddable":true,"href":"https:\/\/blue16.de\/en\/wp-json\/wp\/v2\/users\/1"}],"replies":[{"embeddable":true,"href":"https:\/\/blue16.de\/en\/wp-json\/wp\/v2\/comments?post=129"}],"version-history":[{"count":37,"href":"https:\/\/blue16.de\/en\/wp-json\/wp\/v2\/pages\/129\/revisions"}],"predecessor-version":[{"id":911,"href":"https:\/\/blue16.de\/en\/wp-json\/wp\/v2\/pages\/129\/revisions\/911"}],"wp:attachment":[{"href":"https:\/\/blue16.de\/en\/wp-json\/wp\/v2\/media?parent=129"}],"curies":[{"name":"wp","href":"https:\/\/api.w.org\/{rel}","templated":true}]}}